{"id":421,"date":"2024-01-05T21:21:21","date_gmt":"2024-01-05T21:21:21","guid":{"rendered":"https:\/\/astauros.com.co\/?page_id=421"},"modified":"2024-01-05T21:33:03","modified_gmt":"2024-01-05T21:33:03","slug":"triunfadores-caaveralejo-2023","status":"publish","type":"page","link":"https:\/\/astauros.com.co\/index.php\/triunfadores-caaveralejo-2023\/","title":{"rendered":"TRIUNFADORES CA\u00d1AVERALEJO 2023"},"content":{"rendered":"<p>Como es tradici\u00f3n, La Asociaci\u00f3n de Periodistas y Aficionados taurinos -ASTAUROS- hace un reconocimiento a Quienes se destaquen por Su actuaci\u00f3n en el certamen Cale\u00f1o.<\/p>\n<p><img fetchpriority=\"high\" decoding=\"async\" class=\"wp-image-422 aligncenter\" src=\"https:\/\/astauros.com.co\/wp-content\/uploads\/2024\/01\/thumbnail_PHOTO-2024-01-05-13-57-03-229x300.jpg\" alt=\"\" width=\"286\" height=\"374\" srcset=\"https:\/\/astauros.com.co\/wp-content\/uploads\/2024\/01\/thumbnail_PHOTO-2024-01-05-13-57-03-229x300.jpg 229w, https:\/\/astauros.com.co\/wp-content\/uploads\/2024\/01\/thumbnail_PHOTO-2024-01-05-13-57-03.jpg 606w\" sizes=\"(max-width: 286px) 100vw, 286px\" \/><\/p>\n<p><img decoding=\"async\" class=\" wp-image-424 aligncenter\" src=\"https:\/\/astauros.com.co\/wp-content\/uploads\/2024\/01\/thumbnail_PHOTO-2024-01-05-13-57-04-230x300.jpg\" alt=\"\" width=\"280\" height=\"365\" srcset=\"https:\/\/astauros.com.co\/wp-content\/uploads\/2024\/01\/thumbnail_PHOTO-2024-01-05-13-57-04-230x300.jpg 230w, https:\/\/astauros.com.co\/wp-content\/uploads\/2024\/01\/thumbnail_PHOTO-2024-01-05-13-57-04.jpg 607w\" sizes=\"(max-width: 280px) 100vw, 280px\" \/><\/p>\n<p><img decoding=\"async\" class=\" wp-image-423 aligncenter\" src=\"https:\/\/astauros.com.co\/wp-content\/uploads\/2024\/01\/thumbnail_PHOTO-2024-01-05-13-57-03-1-231x300.jpg\" alt=\"\" width=\"279\" height=\"363\" srcset=\"https:\/\/astauros.com.co\/wp-content\/uploads\/2024\/01\/thumbnail_PHOTO-2024-01-05-13-57-03-1-231x300.jpg 231w, https:\/\/astauros.com.co\/wp-content\/uploads\/2024\/01\/thumbnail_PHOTO-2024-01-05-13-57-03-1.jpg 609w\" sizes=\"(max-width: 279px) 100vw, 279px\" \/><\/p>\n<p><img loading=\"lazy\" decoding=\"async\" class=\" wp-image-425 aligncenter\" src=\"https:\/\/astauros.com.co\/wp-content\/uploads\/2024\/01\/thumbnail_PHOTO-2024-01-05-13-57-04-1-300x240.jpg\" alt=\"\" width=\"345\" height=\"276\" srcset=\"https:\/\/astauros.com.co\/wp-content\/uploads\/2024\/01\/thumbnail_PHOTO-2024-01-05-13-57-04-1-300x240.jpg 300w, https:\/\/astauros.com.co\/wp-content\/uploads\/2024\/01\/thumbnail_PHOTO-2024-01-05-13-57-04-1-1024x819.jpg 1024w, https:\/\/astauros.com.co\/wp-content\/uploads\/2024\/01\/thumbnail_PHOTO-2024-01-05-13-57-04-1-768x614.jpg 768w, https:\/\/astauros.com.co\/wp-content\/uploads\/2024\/01\/thumbnail_PHOTO-2024-01-05-13-57-04-1-1536x1228.jpg 1536w, https:\/\/astauros.com.co\/wp-content\/uploads\/2024\/01\/thumbnail_PHOTO-2024-01-05-13-57-04-1.jpg 1600w\" sizes=\"(max-width: 345px) 100vw, 345px\" \/><\/p>\n<p><img loading=\"lazy\" decoding=\"async\" class=\"alignnone wp-image-426 aligncenter\" src=\"https:\/\/astauros.com.co\/wp-content\/uploads\/2024\/01\/thumbnail_PHOTO-2024-01-05-13-57-05-300x240.jpg\" alt=\"\" width=\"338\" height=\"270\" srcset=\"https:\/\/astauros.com.co\/wp-content\/uploads\/2024\/01\/thumbnail_PHOTO-2024-01-05-13-57-05-300x240.jpg 300w, https:\/\/astauros.com.co\/wp-content\/uploads\/2024\/01\/thumbnail_PHOTO-2024-01-05-13-57-05-1024x819.jpg 1024w, https:\/\/astauros.com.co\/wp-content\/uploads\/2024\/01\/thumbnail_PHOTO-2024-01-05-13-57-05-768x614.jpg 768w, https:\/\/astauros.com.co\/wp-content\/uploads\/2024\/01\/thumbnail_PHOTO-2024-01-05-13-57-05-1536x1229.jpg 1536w, https:\/\/astauros.com.co\/wp-content\/uploads\/2024\/01\/thumbnail_PHOTO-2024-01-05-13-57-05.jpg 1600w\" sizes=\"(max-width: 338px) 100vw, 338px\" \/><\/p>\n<p><img loading=\"lazy\" decoding=\"async\" class=\" wp-image-427 aligncenter\" src=\"https:\/\/astauros.com.co\/wp-content\/uploads\/2024\/01\/thumbnail_PHOTO-2024-01-05-13-57-06-240x300.jpg\" alt=\"\" width=\"277\" height=\"346\" srcset=\"https:\/\/astauros.com.co\/wp-content\/uploads\/2024\/01\/thumbnail_PHOTO-2024-01-05-13-57-06-240x300.jpg 240w, https:\/\/astauros.com.co\/wp-content\/uploads\/2024\/01\/thumbnail_PHOTO-2024-01-05-13-57-06-819x1024.jpg 819w, https:\/\/astauros.com.co\/wp-content\/uploads\/2024\/01\/thumbnail_PHOTO-2024-01-05-13-57-06-768x960.jpg 768w, https:\/\/astauros.com.co\/wp-content\/uploads\/2024\/01\/thumbnail_PHOTO-2024-01-05-13-57-06-1229x1536.jpg 1229w, https:\/\/astauros.com.co\/wp-content\/uploads\/2024\/01\/thumbnail_PHOTO-2024-01-05-13-57-06.jpg 1280w\" sizes=\"(max-width: 277px) 100vw, 277px\" \/><\/p>\n<p><img loading=\"lazy\" decoding=\"async\" class=\" wp-image-428 aligncenter\" src=\"https:\/\/astauros.com.co\/wp-content\/uploads\/2024\/01\/thumbnail_PHOTO-2024-01-05-13-57-06-1-300x240.jpg\" alt=\"\" width=\"331\" height=\"265\" srcset=\"https:\/\/astauros.com.co\/wp-content\/uploads\/2024\/01\/thumbnail_PHOTO-2024-01-05-13-57-06-1-300x240.jpg 300w, https:\/\/astauros.com.co\/wp-content\/uploads\/2024\/01\/thumbnail_PHOTO-2024-01-05-13-57-06-1-1024x819.jpg 1024w, https:\/\/astauros.com.co\/wp-content\/uploads\/2024\/01\/thumbnail_PHOTO-2024-01-05-13-57-06-1-768x614.jpg 768w, https:\/\/astauros.com.co\/wp-content\/uploads\/2024\/01\/thumbnail_PHOTO-2024-01-05-13-57-06-1-1536x1228.jpg 1536w, https:\/\/astauros.com.co\/wp-content\/uploads\/2024\/01\/thumbnail_PHOTO-2024-01-05-13-57-06-1.jpg 1600w\" sizes=\"(max-width: 331px) 100vw, 331px\" \/><\/p>\n<p><img loading=\"lazy\" decoding=\"async\" class=\" wp-image-429 aligncenter\" src=\"https:\/\/astauros.com.co\/wp-content\/uploads\/2024\/01\/thumbnail_PHOTO-2024-01-05-13-57-06-2-300x240.jpg\" alt=\"\" width=\"340\" height=\"272\" srcset=\"https:\/\/astauros.com.co\/wp-content\/uploads\/2024\/01\/thumbnail_PHOTO-2024-01-05-13-57-06-2-300x240.jpg 300w, https:\/\/astauros.com.co\/wp-content\/uploads\/2024\/01\/thumbnail_PHOTO-2024-01-05-13-57-06-2-1024x819.jpg 1024w, https:\/\/astauros.com.co\/wp-content\/uploads\/2024\/01\/thumbnail_PHOTO-2024-01-05-13-57-06-2-768x614.jpg 768w, https:\/\/astauros.com.co\/wp-content\/uploads\/2024\/01\/thumbnail_PHOTO-2024-01-05-13-57-06-2-1536x1229.jpg 1536w, https:\/\/astauros.com.co\/wp-content\/uploads\/2024\/01\/thumbnail_PHOTO-2024-01-05-13-57-06-2.jpg 1600w\" sizes=\"(max-width: 340px) 100vw, 340px\" \/><\/p>\n<p><img loading=\"lazy\" decoding=\"async\" class=\" wp-image-433 aligncenter\" src=\"https:\/\/astauros.com.co\/wp-content\/uploads\/2024\/01\/thumbnail_PHOTO-2024-01-05-13-57-54-300x240.jpg\" alt=\"\" width=\"343\" height=\"274\" srcset=\"https:\/\/astauros.com.co\/wp-content\/uploads\/2024\/01\/thumbnail_PHOTO-2024-01-05-13-57-54-300x240.jpg 300w, https:\/\/astauros.com.co\/wp-content\/uploads\/2024\/01\/thumbnail_PHOTO-2024-01-05-13-57-54-1024x819.jpg 1024w, https:\/\/astauros.com.co\/wp-content\/uploads\/2024\/01\/thumbnail_PHOTO-2024-01-05-13-57-54-768x614.jpg 768w, https:\/\/astauros.com.co\/wp-content\/uploads\/2024\/01\/thumbnail_PHOTO-2024-01-05-13-57-54-1536x1229.jpg 1536w, https:\/\/astauros.com.co\/wp-content\/uploads\/2024\/01\/thumbnail_PHOTO-2024-01-05-13-57-54.jpg 1600w\" sizes=\"(max-width: 343px) 100vw, 343px\" \/><\/p>\n<p><img loading=\"lazy\" decoding=\"async\" class=\" wp-image-435 aligncenter\" src=\"https:\/\/astauros.com.co\/wp-content\/uploads\/2024\/01\/thumbnail_PHOTO-2024-01-05-13-57-15-240x300.jpg\" alt=\"\" width=\"276\" height=\"345\" srcset=\"https:\/\/astauros.com.co\/wp-content\/uploads\/2024\/01\/thumbnail_PHOTO-2024-01-05-13-57-15-240x300.jpg 240w, https:\/\/astauros.com.co\/wp-content\/uploads\/2024\/01\/thumbnail_PHOTO-2024-01-05-13-57-15-819x1024.jpg 819w, https:\/\/astauros.com.co\/wp-content\/uploads\/2024\/01\/thumbnail_PHOTO-2024-01-05-13-57-15-768x960.jpg 768w, https:\/\/astauros.com.co\/wp-content\/uploads\/2024\/01\/thumbnail_PHOTO-2024-01-05-13-57-15-1229x1536.jpg 1229w, https:\/\/astauros.com.co\/wp-content\/uploads\/2024\/01\/thumbnail_PHOTO-2024-01-05-13-57-15.jpg 1280w\" sizes=\"(max-width: 276px) 100vw, 276px\" \/><\/p>\n<p>&nbsp;<\/p>\n<p>&nbsp;<\/p>\n<p>&nbsp;<\/p>\n<p>&nbsp;<\/p>\n<p>&nbsp;<\/p>\n<p>&nbsp;<\/p>\n","protected":false},"excerpt":{"rendered":"<div class=\"mh-excerpt\"><p>Como es tradici\u00f3n, La Asociaci\u00f3n de Periodistas y Aficionados taurinos -ASTAUROS- hace un reconocimiento a Quienes se destaquen por Su actuaci\u00f3n en el certamen Cale\u00f1o. <a class=\"mh-excerpt-more\" href=\"https:\/\/astauros.com.co\/index.php\/triunfadores-caaveralejo-2023\/\" title=\"TRIUNFADORES CA\u00d1AVERALEJO 2023\">[&#8230;]<\/a><\/p>\n<\/div>","protected":false},"author":1,"featured_media":0,"parent":0,"menu_order":0,"comment_status":"closed","ping_status":"closed","template":"","meta":{"footnotes":""},"class_list":["post-421","page","type-page","status-publish","hentry"],"_links":{"self":[{"href":"https:\/\/astauros.com.co\/index.php\/wp-json\/wp\/v2\/pages\/421","targetHints":{"allow":["GET"]}}],"collection":[{"href":"https:\/\/astauros.com.co\/index.php\/wp-json\/wp\/v2\/pages"}],"about":[{"href":"https:\/\/astauros.com.co\/index.php\/wp-json\/wp\/v2\/types\/page"}],"author":[{"embeddable":true,"href":"https:\/\/astauros.com.co\/index.php\/wp-json\/wp\/v2\/users\/1"}],"replies":[{"embeddable":true,"href":"https:\/\/astauros.com.co\/index.php\/wp-json\/wp\/v2\/comments?post=421"}],"version-history":[{"count":5,"href":"https:\/\/astauros.com.co\/index.php\/wp-json\/wp\/v2\/pages\/421\/revisions"}],"predecessor-version":[{"id":439,"href":"https:\/\/astauros.com.co\/index.php\/wp-json\/wp\/v2\/pages\/421\/revisions\/439"}],"wp:attachment":[{"href":"https:\/\/astauros.com.co\/index.php\/wp-json\/wp\/v2\/media?parent=421"}],"curies":[{"name":"wp","href":"https:\/\/api.w.org\/{rel}","templated":true}]}}