{"id":650,"date":"2025-12-15T16:48:35","date_gmt":"2025-12-15T16:48:35","guid":{"rendered":"https:\/\/astauros.com.co\/?page_id=650"},"modified":"2025-12-15T16:49:11","modified_gmt":"2025-12-15T16:49:11","slug":"despedida-2025","status":"publish","type":"page","link":"https:\/\/astauros.com.co\/index.php\/despedida-2025\/","title":{"rendered":"DESPEDIDA 2025"},"content":{"rendered":"<p>13\/12\/2025<\/p>\n<p>Ayer en la noche, Astauros celebr\u00f3 Su tradicional Cena de despedida de fin de a\u00f1o.<\/p>\n<p>En eta ocasi\u00f3n La Familia Gonz\u00e1lez Rinc\u00f3n hizo de Anfitri\u00f3n, Luci\u00e9ndose por todo lo alto en la atenci\u00f3n a Los comensales.<\/p>\n<p>M\u00fasica y baile flamenco animaron la velada, adem\u00e1s de una cena exquisita.<\/p>\n<p><img fetchpriority=\"high\" decoding=\"async\" class=\" wp-image-651 aligncenter\" src=\"https:\/\/astauros.com.co\/wp-content\/uploads\/2025\/12\/thumbnail_IMG_5211-300x225.jpg\" alt=\"\" width=\"383\" height=\"287\" srcset=\"https:\/\/astauros.com.co\/wp-content\/uploads\/2025\/12\/thumbnail_IMG_5211-300x225.jpg 300w, https:\/\/astauros.com.co\/wp-content\/uploads\/2025\/12\/thumbnail_IMG_5211-1024x768.jpg 1024w, https:\/\/astauros.com.co\/wp-content\/uploads\/2025\/12\/thumbnail_IMG_5211-768x576.jpg 768w, https:\/\/astauros.com.co\/wp-content\/uploads\/2025\/12\/thumbnail_IMG_5211-1536x1152.jpg 1536w, https:\/\/astauros.com.co\/wp-content\/uploads\/2025\/12\/thumbnail_IMG_5211-678x509.jpg 678w, https:\/\/astauros.com.co\/wp-content\/uploads\/2025\/12\/thumbnail_IMG_5211-326x245.jpg 326w, https:\/\/astauros.com.co\/wp-content\/uploads\/2025\/12\/thumbnail_IMG_5211-80x60.jpg 80w, https:\/\/astauros.com.co\/wp-content\/uploads\/2025\/12\/thumbnail_IMG_5211.jpg 1920w\" sizes=\"(max-width: 383px) 100vw, 383px\" \/><\/p>\n<p><img decoding=\"async\" class=\" wp-image-652 aligncenter\" src=\"https:\/\/astauros.com.co\/wp-content\/uploads\/2025\/12\/thumbnail_IMG_5201-300x225.jpg\" alt=\"\" width=\"383\" height=\"287\" srcset=\"https:\/\/astauros.com.co\/wp-content\/uploads\/2025\/12\/thumbnail_IMG_5201-300x225.jpg 300w, https:\/\/astauros.com.co\/wp-content\/uploads\/2025\/12\/thumbnail_IMG_5201-1024x768.jpg 1024w, https:\/\/astauros.com.co\/wp-content\/uploads\/2025\/12\/thumbnail_IMG_5201-768x576.jpg 768w, https:\/\/astauros.com.co\/wp-content\/uploads\/2025\/12\/thumbnail_IMG_5201-1536x1152.jpg 1536w, https:\/\/astauros.com.co\/wp-content\/uploads\/2025\/12\/thumbnail_IMG_5201-678x509.jpg 678w, https:\/\/astauros.com.co\/wp-content\/uploads\/2025\/12\/thumbnail_IMG_5201-326x245.jpg 326w, https:\/\/astauros.com.co\/wp-content\/uploads\/2025\/12\/thumbnail_IMG_5201-80x60.jpg 80w, https:\/\/astauros.com.co\/wp-content\/uploads\/2025\/12\/thumbnail_IMG_5201.jpg 1920w\" sizes=\"(max-width: 383px) 100vw, 383px\" \/><\/p>\n<p><img decoding=\"async\" class=\" wp-image-653 aligncenter\" src=\"https:\/\/astauros.com.co\/wp-content\/uploads\/2025\/12\/thumbnail_IMG_5200-300x225.jpg\" alt=\"\" width=\"379\" height=\"284\" srcset=\"https:\/\/astauros.com.co\/wp-content\/uploads\/2025\/12\/thumbnail_IMG_5200-300x225.jpg 300w, https:\/\/astauros.com.co\/wp-content\/uploads\/2025\/12\/thumbnail_IMG_5200-1024x768.jpg 1024w, https:\/\/astauros.com.co\/wp-content\/uploads\/2025\/12\/thumbnail_IMG_5200-768x576.jpg 768w, https:\/\/astauros.com.co\/wp-content\/uploads\/2025\/12\/thumbnail_IMG_5200-1536x1152.jpg 1536w, https:\/\/astauros.com.co\/wp-content\/uploads\/2025\/12\/thumbnail_IMG_5200-678x509.jpg 678w, https:\/\/astauros.com.co\/wp-content\/uploads\/2025\/12\/thumbnail_IMG_5200-326x245.jpg 326w, https:\/\/astauros.com.co\/wp-content\/uploads\/2025\/12\/thumbnail_IMG_5200-80x60.jpg 80w, https:\/\/astauros.com.co\/wp-content\/uploads\/2025\/12\/thumbnail_IMG_5200.jpg 1920w\" sizes=\"(max-width: 379px) 100vw, 379px\" \/><\/p>\n<p><img loading=\"lazy\" decoding=\"async\" class=\" wp-image-654 aligncenter\" src=\"https:\/\/astauros.com.co\/wp-content\/uploads\/2025\/12\/thumbnail_IMG_5209-225x300.jpg\" alt=\"\" width=\"299\" height=\"399\" srcset=\"https:\/\/astauros.com.co\/wp-content\/uploads\/2025\/12\/thumbnail_IMG_5209-225x300.jpg 225w, https:\/\/astauros.com.co\/wp-content\/uploads\/2025\/12\/thumbnail_IMG_5209-768x1024.jpg 768w, https:\/\/astauros.com.co\/wp-content\/uploads\/2025\/12\/thumbnail_IMG_5209-1152x1536.jpg 1152w, https:\/\/astauros.com.co\/wp-content\/uploads\/2025\/12\/thumbnail_IMG_5209.jpg 1440w\" sizes=\"(max-width: 299px) 100vw, 299px\" \/><\/p>\n","protected":false},"excerpt":{"rendered":"<div class=\"mh-excerpt\"><p>13\/12\/2025 Ayer en la noche, Astauros celebr\u00f3 Su tradicional Cena de despedida de fin de a\u00f1o. En eta ocasi\u00f3n La Familia Gonz\u00e1lez Rinc\u00f3n hizo de <a class=\"mh-excerpt-more\" href=\"https:\/\/astauros.com.co\/index.php\/despedida-2025\/\" title=\"DESPEDIDA 2025\">[&#8230;]<\/a><\/p>\n<\/div>","protected":false},"author":1,"featured_media":0,"parent":0,"menu_order":0,"comment_status":"closed","ping_status":"closed","template":"","meta":{"footnotes":""},"class_list":["post-650","page","type-page","status-publish","hentry"],"_links":{"self":[{"href":"https:\/\/astauros.com.co\/index.php\/wp-json\/wp\/v2\/pages\/650","targetHints":{"allow":["GET"]}}],"collection":[{"href":"https:\/\/astauros.com.co\/index.php\/wp-json\/wp\/v2\/pages"}],"about":[{"href":"https:\/\/astauros.com.co\/index.php\/wp-json\/wp\/v2\/types\/page"}],"author":[{"embeddable":true,"href":"https:\/\/astauros.com.co\/index.php\/wp-json\/wp\/v2\/users\/1"}],"replies":[{"embeddable":true,"href":"https:\/\/astauros.com.co\/index.php\/wp-json\/wp\/v2\/comments?post=650"}],"version-history":[{"count":1,"href":"https:\/\/astauros.com.co\/index.php\/wp-json\/wp\/v2\/pages\/650\/revisions"}],"predecessor-version":[{"id":657,"href":"https:\/\/astauros.com.co\/index.php\/wp-json\/wp\/v2\/pages\/650\/revisions\/657"}],"wp:attachment":[{"href":"https:\/\/astauros.com.co\/index.php\/wp-json\/wp\/v2\/media?parent=650"}],"curies":[{"name":"wp","href":"https:\/\/api.w.org\/{rel}","templated":true}]}}