{"id":665,"date":"2025-12-19T00:46:04","date_gmt":"2025-12-19T00:46:04","guid":{"rendered":"https:\/\/astauros.com.co\/?page_id=665"},"modified":"2025-12-19T22:47:35","modified_gmt":"2025-12-19T22:47:35","slug":"lanzamiento-revista-23-2025","status":"publish","type":"page","link":"https:\/\/astauros.com.co\/index.php\/lanzamiento-revista-23-2025\/","title":{"rendered":"LANZAMIENTO REVISTA #23-2025"},"content":{"rendered":"<p>18\/12\/2025<\/p>\n<p><img fetchpriority=\"high\" decoding=\"async\" class=\" wp-image-644 aligncenter\" src=\"https:\/\/astauros.com.co\/wp-content\/uploads\/2025\/12\/INVITACION-LANZAMIENTO-REVISTA-23-212x300.jpg\" alt=\"\" width=\"293\" height=\"415\" srcset=\"https:\/\/astauros.com.co\/wp-content\/uploads\/2025\/12\/INVITACION-LANZAMIENTO-REVISTA-23-212x300.jpg 212w, https:\/\/astauros.com.co\/wp-content\/uploads\/2025\/12\/INVITACION-LANZAMIENTO-REVISTA-23-724x1024.jpg 724w, https:\/\/astauros.com.co\/wp-content\/uploads\/2025\/12\/INVITACION-LANZAMIENTO-REVISTA-23-768x1086.jpg 768w, https:\/\/astauros.com.co\/wp-content\/uploads\/2025\/12\/INVITACION-LANZAMIENTO-REVISTA-23-1087x1536.jpg 1087w, https:\/\/astauros.com.co\/wp-content\/uploads\/2025\/12\/INVITACION-LANZAMIENTO-REVISTA-23.jpg 1132w\" sizes=\"(max-width: 293px) 100vw, 293px\" \/><br \/>\n<img decoding=\"async\" class=\" wp-image-666 aligncenter\" src=\"https:\/\/astauros.com.co\/wp-content\/uploads\/2025\/12\/IMG_5257-231x300.jpeg\" alt=\"\" width=\"291\" height=\"378\" srcset=\"https:\/\/astauros.com.co\/wp-content\/uploads\/2025\/12\/IMG_5257-231x300.jpeg 231w, https:\/\/astauros.com.co\/wp-content\/uploads\/2025\/12\/IMG_5257-790x1024.jpeg 790w, https:\/\/astauros.com.co\/wp-content\/uploads\/2025\/12\/IMG_5257-768x995.jpeg 768w, https:\/\/astauros.com.co\/wp-content\/uploads\/2025\/12\/IMG_5257.jpeg 956w\" sizes=\"(max-width: 291px) 100vw, 291px\" \/><\/p>\n<p>Este Jueves 19 de diciembre, Astauros realiz\u00f3 el Lanzamiento de Su tradicional Revista.<\/p>\n<p>Este a\u00f1o hay que resaltar el trabajo mancomunado de nuestro Presidente Jorge Z\u00fa\u00f1iga y de Nuestro Tesorero Eduardo Manrique, Quienes con denodado esfuerzo lideraron todas las actividades necesarias para que este nuevo ejemplar est\u00e9 en manos e los aficionados Taurinos de Cali, Colombia, M\u00e9xico y Espa\u00f1a.<\/p>\n<p>Como es costumbre, el contenido de esta edici\u00f3n contiene interesantes art\u00edculos escritos por la pluma de connotados Periodistas y personajes del mundo taurino, as\u00ed como de los integrantes de La Asociaci\u00f3n de periodistas y Aficionados Taurinos.<\/p>\n<p>En este evento tambi\u00e9n se hicieron los reconocimientos a Ricardo Santana por toda una vida dedicada a la tauromaquia, a la empresa Toro-Vive como \u00abEl Taurino del a\u00f1o\u00bb por su esfuerzo y resiliencia para hacer de la Feria de Cali una realidad (Primera vez que recae en una Empresa), Al Se\u00f1or juan de Dios Hincapi\u00e9 como \u00abGran Aficionado Taurino\u00bb por Su dedicaci\u00f3n al\u00a0 \u00abarte de C\u00fachares\u00bb y el Premio \u00abErnesto Gonzales Caicedo\u00bb a Eduardo manrique por Su silenciosa pero persistente labor al servicio de Astauros y de todas las actividades Taurinas.<\/p>\n<p>Hubo \u00abTaquilla alegre\u00bb y se disfrut\u00f3 de una estupenda velada con marcado sabor a Toros.<\/p>\n<p><img decoding=\"async\" class=\" wp-image-671 aligncenter\" src=\"https:\/\/astauros.com.co\/wp-content\/uploads\/2025\/12\/thumbnail_IMG_5264-300x225.jpg\" alt=\"\" width=\"335\" height=\"251\" srcset=\"https:\/\/astauros.com.co\/wp-content\/uploads\/2025\/12\/thumbnail_IMG_5264-300x225.jpg 300w, https:\/\/astauros.com.co\/wp-content\/uploads\/2025\/12\/thumbnail_IMG_5264-1024x768.jpg 1024w, https:\/\/astauros.com.co\/wp-content\/uploads\/2025\/12\/thumbnail_IMG_5264-768x576.jpg 768w, https:\/\/astauros.com.co\/wp-content\/uploads\/2025\/12\/thumbnail_IMG_5264-1536x1152.jpg 1536w, https:\/\/astauros.com.co\/wp-content\/uploads\/2025\/12\/thumbnail_IMG_5264-678x509.jpg 678w, https:\/\/astauros.com.co\/wp-content\/uploads\/2025\/12\/thumbnail_IMG_5264-326x245.jpg 326w, https:\/\/astauros.com.co\/wp-content\/uploads\/2025\/12\/thumbnail_IMG_5264-80x60.jpg 80w, https:\/\/astauros.com.co\/wp-content\/uploads\/2025\/12\/thumbnail_IMG_5264.jpg 1920w\" sizes=\"(max-width: 335px) 100vw, 335px\" \/><\/p>\n<p><img loading=\"lazy\" decoding=\"async\" class=\" wp-image-672 aligncenter\" src=\"https:\/\/astauros.com.co\/wp-content\/uploads\/2025\/12\/thumbnail_IMG_5268-300x225.jpg\" alt=\"\" width=\"332\" height=\"249\" srcset=\"https:\/\/astauros.com.co\/wp-content\/uploads\/2025\/12\/thumbnail_IMG_5268-300x225.jpg 300w, https:\/\/astauros.com.co\/wp-content\/uploads\/2025\/12\/thumbnail_IMG_5268-1024x768.jpg 1024w, https:\/\/astauros.com.co\/wp-content\/uploads\/2025\/12\/thumbnail_IMG_5268-768x576.jpg 768w, https:\/\/astauros.com.co\/wp-content\/uploads\/2025\/12\/thumbnail_IMG_5268-1536x1152.jpg 1536w, https:\/\/astauros.com.co\/wp-content\/uploads\/2025\/12\/thumbnail_IMG_5268-678x509.jpg 678w, https:\/\/astauros.com.co\/wp-content\/uploads\/2025\/12\/thumbnail_IMG_5268-326x245.jpg 326w, https:\/\/astauros.com.co\/wp-content\/uploads\/2025\/12\/thumbnail_IMG_5268-80x60.jpg 80w, https:\/\/astauros.com.co\/wp-content\/uploads\/2025\/12\/thumbnail_IMG_5268.jpg 1920w\" sizes=\"(max-width: 332px) 100vw, 332px\" \/><\/p>\n<p><img loading=\"lazy\" decoding=\"async\" class=\" wp-image-674 aligncenter\" src=\"https:\/\/astauros.com.co\/wp-content\/uploads\/2025\/12\/thumbnail_IMG_5276-225x300.jpg\" alt=\"\" width=\"249\" height=\"332\" srcset=\"https:\/\/astauros.com.co\/wp-content\/uploads\/2025\/12\/thumbnail_IMG_5276-225x300.jpg 225w, https:\/\/astauros.com.co\/wp-content\/uploads\/2025\/12\/thumbnail_IMG_5276-768x1024.jpg 768w, https:\/\/astauros.com.co\/wp-content\/uploads\/2025\/12\/thumbnail_IMG_5276-1152x1536.jpg 1152w, https:\/\/astauros.com.co\/wp-content\/uploads\/2025\/12\/thumbnail_IMG_5276.jpg 1440w\" sizes=\"(max-width: 249px) 100vw, 249px\" \/><\/p>\n<p><img loading=\"lazy\" decoding=\"async\" class=\" wp-image-675 aligncenter\" src=\"https:\/\/astauros.com.co\/wp-content\/uploads\/2025\/12\/thumbnail_IMG_5280-225x300.jpg\" alt=\"\" width=\"251\" height=\"335\" srcset=\"https:\/\/astauros.com.co\/wp-content\/uploads\/2025\/12\/thumbnail_IMG_5280-225x300.jpg 225w, https:\/\/astauros.com.co\/wp-content\/uploads\/2025\/12\/thumbnail_IMG_5280-768x1024.jpg 768w, https:\/\/astauros.com.co\/wp-content\/uploads\/2025\/12\/thumbnail_IMG_5280-1152x1536.jpg 1152w, https:\/\/astauros.com.co\/wp-content\/uploads\/2025\/12\/thumbnail_IMG_5280.jpg 1440w\" sizes=\"(max-width: 251px) 100vw, 251px\" \/><\/p>\n<p><img loading=\"lazy\" decoding=\"async\" class=\" wp-image-676 aligncenter\" src=\"https:\/\/astauros.com.co\/wp-content\/uploads\/2025\/12\/thumbnail_IMG_5281-225x300.jpg\" alt=\"\" width=\"250\" height=\"333\" srcset=\"https:\/\/astauros.com.co\/wp-content\/uploads\/2025\/12\/thumbnail_IMG_5281-225x300.jpg 225w, https:\/\/astauros.com.co\/wp-content\/uploads\/2025\/12\/thumbnail_IMG_5281-768x1024.jpg 768w, https:\/\/astauros.com.co\/wp-content\/uploads\/2025\/12\/thumbnail_IMG_5281-1152x1536.jpg 1152w, https:\/\/astauros.com.co\/wp-content\/uploads\/2025\/12\/thumbnail_IMG_5281.jpg 1440w\" sizes=\"(max-width: 250px) 100vw, 250px\" \/><\/p>\n<p><img loading=\"lazy\" decoding=\"async\" class=\" wp-image-677 aligncenter\" src=\"https:\/\/astauros.com.co\/wp-content\/uploads\/2025\/12\/thumbnail_IMG_5284-225x300.jpg\" alt=\"\" width=\"245\" height=\"327\" srcset=\"https:\/\/astauros.com.co\/wp-content\/uploads\/2025\/12\/thumbnail_IMG_5284-225x300.jpg 225w, https:\/\/astauros.com.co\/wp-content\/uploads\/2025\/12\/thumbnail_IMG_5284-768x1024.jpg 768w, https:\/\/astauros.com.co\/wp-content\/uploads\/2025\/12\/thumbnail_IMG_5284-1152x1536.jpg 1152w, https:\/\/astauros.com.co\/wp-content\/uploads\/2025\/12\/thumbnail_IMG_5284.jpg 1440w\" sizes=\"(max-width: 245px) 100vw, 245px\" \/><\/p>\n","protected":false},"excerpt":{"rendered":"<div class=\"mh-excerpt\"><p>18\/12\/2025 Este Jueves 19 de diciembre, Astauros realiz\u00f3 el Lanzamiento de Su tradicional Revista. Este a\u00f1o hay que resaltar el trabajo mancomunado de nuestro Presidente <a class=\"mh-excerpt-more\" href=\"https:\/\/astauros.com.co\/index.php\/lanzamiento-revista-23-2025\/\" title=\"LANZAMIENTO REVISTA #23-2025\">[&#8230;]<\/a><\/p>\n<\/div>","protected":false},"author":1,"featured_media":0,"parent":0,"menu_order":0,"comment_status":"closed","ping_status":"closed","template":"","meta":{"footnotes":""},"class_list":["post-665","page","type-page","status-publish","hentry"],"_links":{"self":[{"href":"https:\/\/astauros.com.co\/index.php\/wp-json\/wp\/v2\/pages\/665","targetHints":{"allow":["GET"]}}],"collection":[{"href":"https:\/\/astauros.com.co\/index.php\/wp-json\/wp\/v2\/pages"}],"about":[{"href":"https:\/\/astauros.com.co\/index.php\/wp-json\/wp\/v2\/types\/page"}],"author":[{"embeddable":true,"href":"https:\/\/astauros.com.co\/index.php\/wp-json\/wp\/v2\/users\/1"}],"replies":[{"embeddable":true,"href":"https:\/\/astauros.com.co\/index.php\/wp-json\/wp\/v2\/comments?post=665"}],"version-history":[{"count":3,"href":"https:\/\/astauros.com.co\/index.php\/wp-json\/wp\/v2\/pages\/665\/revisions"}],"predecessor-version":[{"id":678,"href":"https:\/\/astauros.com.co\/index.php\/wp-json\/wp\/v2\/pages\/665\/revisions\/678"}],"wp:attachment":[{"href":"https:\/\/astauros.com.co\/index.php\/wp-json\/wp\/v2\/media?parent=665"}],"curies":[{"name":"wp","href":"https:\/\/api.w.org\/{rel}","templated":true}]}}