{"id":680,"date":"2025-12-27T06:48:05","date_gmt":"2025-12-27T06:48:05","guid":{"rendered":"https:\/\/astauros.com.co\/?page_id=680"},"modified":"2025-12-30T14:49:24","modified_gmt":"2025-12-30T14:49:24","slug":"temporada-2025","status":"publish","type":"page","link":"https:\/\/astauros.com.co\/index.php\/temporada-2025\/","title":{"rendered":"TEMPORADA 2025"},"content":{"rendered":"<p style=\"text-align: left;\">26\/12\/2025<\/p>\n<p>Cr\u00f3nica sobre el primer festejo de la temporada 2025 en Ca\u00f1averalejo:<\/p>\n<p>La primera tarde de una temporada tan esperada y tan llena de incertidumbre por su realizaci\u00f3n, debe considerarse \u201cLa Tarde del Buen Aficionado\u201d, porque Quienes nos hicimos presentes hoy en Ca\u00f1averalejo, en su gran mayor\u00eda asistimos movidos por esas ansias de sentir de nuevo la m\u00e1gica sensaci\u00f3n de una tarde de Toros&#8230;&#8230;<\/p>\n<p>(Para leer completo el art\u00edculo dar click en el siguiente enlace)<\/p>\n<p><a href=\"https:\/\/astauros.com.co\/wp-content\/uploads\/2025\/12\/LOS-BUENOS-AFICIONADOS.pdf\">LOS BUENOS AFICIONADOS<\/a><\/p>\n<hr \/>\n<p>27\/12\/2025<\/p>\n<p style=\"text-align: center;\"><strong>IMPRESENTABLE<\/strong><\/p>\n<p><img fetchpriority=\"high\" decoding=\"async\" class=\" wp-image-687 aligncenter\" src=\"https:\/\/astauros.com.co\/wp-content\/uploads\/2025\/12\/IMG_5386-300x223.jpeg\" alt=\"\" width=\"324\" height=\"241\" srcset=\"https:\/\/astauros.com.co\/wp-content\/uploads\/2025\/12\/IMG_5386-300x223.jpeg 300w, https:\/\/astauros.com.co\/wp-content\/uploads\/2025\/12\/IMG_5386-1024x761.jpeg 1024w, https:\/\/astauros.com.co\/wp-content\/uploads\/2025\/12\/IMG_5386-768x571.jpeg 768w, https:\/\/astauros.com.co\/wp-content\/uploads\/2025\/12\/IMG_5386-80x60.jpeg 80w, https:\/\/astauros.com.co\/wp-content\/uploads\/2025\/12\/IMG_5386.jpeg 1125w\" sizes=\"(max-width: 324px) 100vw, 324px\" \/><\/p>\n<p>El d\u00eda de ayer, un sentimiento de Nostalgia y alegr\u00eda invad\u00eda a los aficionados que asistimos al coso de Ca\u00f1averalejo, que a pesar del poco juego del encierro se vivi\u00f3 una tarde amena y con matices que salvaron la jornada.<\/p>\n<p>Lo visto hoy en el ruedo Cale\u00f1o adem\u00e1s de decepcionante, deja un sabor amargo de indignaci\u00f3n.<\/p>\n<p>La Ganader\u00eda de Campo Real triunfadora en Su debut el a\u00f1o anterior, envi\u00f3 un lote que exceptuando el lidiado en quinto lugar deja muchos interrogantes en cuando edad y peso de los Astados, adem\u00e1s de la nula colaboraci\u00f3n que dieron a una terna entregada y con deseos de agradar a un escaso tendido, que incluso recibi\u00f3 varios brindis por parte de los coletas cuando nada hac\u00eda presagiar que se pudiera estar gestando algo bueno.<\/p>\n<p>Hay que recordar que La Plaza de Toros de Cali sigue siendo una de Primera, y a pesar de todos los esfuerzos que hay que hacer en esta coyuntura, merece m\u00e1s cuidado y responsabilidad a la hora de \u201chechar\u201d un encierro en Su albero y el de este tarde distaba mucho de las m\u00ednimas exigencias que debe tener la Ganader\u00eda que desee presentarse ante La Afici\u00f3n Cale\u00f1a.<\/p>\n<p>Los pormenores de las actuaciones quedan en el ba\u00fal del olvido, salvo la mirada constante de los Astados a Los Toreros, la falta de clase, la mansedumbre y la mala condici\u00f3n que mostraron en todos los tercios de las lidias.<\/p>\n<p>Gald\u00f3s fue premiado con un oreja en el primero de Su lote. \u00a0Laxo premio de una Presidencia que ha cometido \u00a0algunos Yerros. \u00a0A m\u00e1s de un ejemplar se les debi\u00f3 poner banderillas negras y el sexto quiz\u00e1 debi\u00f3 ser devuelto.<\/p>\n<p>&nbsp;<\/p>\n<hr \/>\n<p>28\/12\/2025<\/p>\n<p>Cr\u00f3nica sobre el tercer festejo de esta temporada.<\/p>\n<p>Con un albero bellamente decorado, una soleada tarde y un cartel de ensue\u00f1o con Bol\u00edvar y Talavante, adem\u00e1s del esperado debut de La Novillera Olga Casado.<\/p>\n<p>Para leer completo el art\u00edculo hacer click en el siguiente enlace:<\/p>\n<p><a href=\"https:\/\/astauros.com.co\/wp-content\/uploads\/2025\/12\/EL-FESTEJO-ZAPATISTA.pdf\">EL FESTEJO ZAPATISTA<\/a><\/p>\n<hr \/>\n<p>29\/12\/2025<\/p>\n<p style=\"text-align: center;\"><strong>EMOCIONANTE<\/strong><\/p>\n<p>Lo vivido esta noche en Ca\u00f1averalejo fue un continuo devenir de emociones.<\/p>\n<p>Los asistentes que colmaron el tendido en tres cuartas partes, pudieron sentir y gozar de un festejo que creo colm\u00f3 las expectativas de todos.<\/p>\n<p>Para leer completo el art\u00edculo hacer click en el siguiente enlace:<\/p>\n<p><a href=\"https:\/\/astauros.com.co\/wp-content\/uploads\/2025\/12\/EMOCIONANTE.pdf\">EMOCIONANTE<\/a><\/p>\n<hr \/>\n<p>&nbsp;<\/p>\n","protected":false},"excerpt":{"rendered":"<div class=\"mh-excerpt\"><p>26\/12\/2025 Cr\u00f3nica sobre el primer festejo de la temporada 2025 en Ca\u00f1averalejo: La primera tarde de una temporada tan esperada y tan llena de incertidumbre <a class=\"mh-excerpt-more\" href=\"https:\/\/astauros.com.co\/index.php\/temporada-2025\/\" title=\"TEMPORADA 2025\">[&#8230;]<\/a><\/p>\n<\/div>","protected":false},"author":1,"featured_media":0,"parent":0,"menu_order":0,"comment_status":"closed","ping_status":"closed","template":"","meta":{"footnotes":""},"class_list":["post-680","page","type-page","status-publish","hentry"],"_links":{"self":[{"href":"https:\/\/astauros.com.co\/index.php\/wp-json\/wp\/v2\/pages\/680","targetHints":{"allow":["GET"]}}],"collection":[{"href":"https:\/\/astauros.com.co\/index.php\/wp-json\/wp\/v2\/pages"}],"about":[{"href":"https:\/\/astauros.com.co\/index.php\/wp-json\/wp\/v2\/types\/page"}],"author":[{"embeddable":true,"href":"https:\/\/astauros.com.co\/index.php\/wp-json\/wp\/v2\/users\/1"}],"replies":[{"embeddable":true,"href":"https:\/\/astauros.com.co\/index.php\/wp-json\/wp\/v2\/comments?post=680"}],"version-history":[{"count":8,"href":"https:\/\/astauros.com.co\/index.php\/wp-json\/wp\/v2\/pages\/680\/revisions"}],"predecessor-version":[{"id":694,"href":"https:\/\/astauros.com.co\/index.php\/wp-json\/wp\/v2\/pages\/680\/revisions\/694"}],"wp:attachment":[{"href":"https:\/\/astauros.com.co\/index.php\/wp-json\/wp\/v2\/media?parent=680"}],"curies":[{"name":"wp","href":"https:\/\/api.w.org\/{rel}","templated":true}]}}